{"id":20,"date":"2021-12-01T15:49:49","date_gmt":"2021-12-01T15:49:49","guid":{"rendered":"https:\/\/jessica.jinnove.ca\/?page_id=20"},"modified":"2022-03-24T20:07:20","modified_gmt":"2022-03-24T20:07:20","slug":"la-webserie","status":"publish","type":"page","link":"https:\/\/leschaletsstcome.com\/fr\/la-webserie\/","title":{"rendered":"La webs\u00e9rie"},"content":{"rendered":"\t\t<div data-elementor-type=\"wp-page\" data-elementor-id=\"20\" class=\"elementor elementor-20\" data-elementor-post-type=\"page\">\n\t\t\t\t\t\t\t\t\t<section class=\"elementor-section elementor-top-section elementor-element elementor-element-2bee519 elementor-section-height-full elementor-section-boxed elementor-section-height-default elementor-section-items-middle\" data-id=\"2bee519\" data-element_type=\"section\" data-settings=\"{&quot;background_background&quot;:&quot;video&quot;,&quot;background_video_link&quot;:&quot;https:\\\/\\\/youtu.be\\\/BHACKCNDMW8&quot;}\">\n\t\t\t\t\t\t\t\t<div class=\"elementor-background-video-container elementor-hidden-phone\">\n\t\t\t\t\t\t\t\t\t\t\t\t\t<div class=\"elementor-background-video-embed\"><\/div>\n\t\t\t\t\t\t\t\t\t\t\t\t<\/div>\n\t\t\t\t\t\t\t\t\t<div class=\"elementor-background-overlay\"><\/div>\n\t\t\t\t\t\t\t<div class=\"elementor-container elementor-column-gap-default\">\n\t\t\t\t\t<div class=\"elementor-column elementor-col-100 elementor-top-column elementor-element elementor-element-00ead14\" data-id=\"00ead14\" data-element_type=\"column\">\n\t\t\t<div class=\"elementor-widget-wrap elementor-element-populated\">\n\t\t\t\t\t\t\t\t<div class=\"elementor-element elementor-element-3c90aa9 elementor-position-left elementor-widget__width-auto elementor-view-default elementor-mobile-position-top elementor-vertical-align-top elementor-widget elementor-widget-icon-box\" data-id=\"3c90aa9\" data-element_type=\"widget\" data-widget_type=\"icon-box.default\">\n\t\t\t\t<div class=\"elementor-widget-container\">\n\t\t\t<link rel=\"stylesheet\" href=\"https:\/\/leschaletsstcome.com\/wp-content\/plugins\/elementor\/assets\/css\/widget-icon-box.min.css\">\t\t<div class=\"elementor-icon-box-wrapper\">\n\t\t\t\t\t\t<div class=\"elementor-icon-box-icon\">\n\t\t\t\t<span  class=\"elementor-icon elementor-animation-\">\n\t\t\t\t<i aria-hidden=\"true\" class=\"far fa-play-circle\"><\/i>\t\t\t\t<\/span>\n\t\t\t<\/div>\n\t\t\t\t\t\t<div class=\"elementor-icon-box-content\">\n\t\t\t\t<h3 class=\"elementor-icon-box-title\">\n\t\t\t\t\t<span  >\n\t\t\t\t\t\tVisionnez\t\t\t\t\t<\/span>\n\t\t\t\t<\/h3>\n\t\t\t\t\t\t\t<\/div>\n\t\t<\/div>\n\t\t\t\t<\/div>\n\t\t\t\t<\/div>\n\t\t\t\t<div class=\"elementor-element elementor-element-75841ce elementor-widget elementor-widget-heading\" data-id=\"75841ce\" data-element_type=\"widget\" data-widget_type=\"heading.default\">\n\t\t\t\t<div class=\"elementor-widget-container\">\n\t\t\t<style>\/*! elementor - v3.18.0 - 20-12-2023 *\/\n.elementor-heading-title{padding:0;margin:0;line-height:1}.elementor-widget-heading .elementor-heading-title[class*=elementor-size-]>a{color:inherit;font-size:inherit;line-height:inherit}.elementor-widget-heading .elementor-heading-title.elementor-size-small{font-size:15px}.elementor-widget-heading .elementor-heading-title.elementor-size-medium{font-size:19px}.elementor-widget-heading .elementor-heading-title.elementor-size-large{font-size:29px}.elementor-widget-heading .elementor-heading-title.elementor-size-xl{font-size:39px}.elementor-widget-heading .elementor-heading-title.elementor-size-xxl{font-size:59px}<\/style><h1 class=\"elementor-heading-title elementor-size-default\">La webs\u00e9rie<\/h1>\t\t<\/div>\n\t\t\t\t<\/div>\n\t\t\t\t<div class=\"elementor-element elementor-element-83fd283 elementor-widget elementor-widget-text-editor\" data-id=\"83fd283\" data-element_type=\"widget\" data-widget_type=\"text-editor.default\">\n\t\t\t\t<div class=\"elementor-widget-container\">\n\t\t\t<style>\/*! elementor - v3.18.0 - 20-12-2023 *\/\n.elementor-widget-text-editor.elementor-drop-cap-view-stacked .elementor-drop-cap{background-color:#69727d;color:#fff}.elementor-widget-text-editor.elementor-drop-cap-view-framed .elementor-drop-cap{color:#69727d;border:3px solid;background-color:transparent}.elementor-widget-text-editor:not(.elementor-drop-cap-view-default) .elementor-drop-cap{margin-top:8px}.elementor-widget-text-editor:not(.elementor-drop-cap-view-default) .elementor-drop-cap-letter{width:1em;height:1em}.elementor-widget-text-editor .elementor-drop-cap{float:left;text-align:center;line-height:1;font-size:50px}.elementor-widget-text-editor .elementor-drop-cap-letter{display:inline-block}<\/style>\t\t\t\t<p>Suivez la famille ADE exp\u00e9rience dans leur aventure et leurs p\u00e9rip\u00e9ties&#8230;<\/p>\t\t\t\t\t\t<\/div>\n\t\t\t\t<\/div>\n\t\t\t\t\t<\/div>\n\t\t<\/div>\n\t\t\t\t\t\t\t<\/div>\n\t\t<\/section>\n\t\t\t\t<section class=\"elementor-section elementor-top-section elementor-element elementor-element-c524cfc elementor-section-boxed elementor-section-height-default elementor-section-height-default\" data-id=\"c524cfc\" data-element_type=\"section\">\n\t\t\t\t\t\t<div class=\"elementor-container elementor-column-gap-default\">\n\t\t\t\t\t<div class=\"elementor-column elementor-col-100 elementor-top-column elementor-element elementor-element-2f09b8d\" data-id=\"2f09b8d\" data-element_type=\"column\">\n\t\t\t<div class=\"elementor-widget-wrap elementor-element-populated\">\n\t\t\t\t\t\t\t\t<div class=\"elementor-element elementor-element-cd35816 elementor-widget elementor-widget-heading\" data-id=\"cd35816\" data-element_type=\"widget\" data-widget_type=\"heading.default\">\n\t\t\t\t<div class=\"elementor-widget-container\">\n\t\t\t<h2 class=\"elementor-heading-title elementor-size-default\">Visionnez les \u00e9pisodes de notre webs\u00e9rie<\/h2>\t\t<\/div>\n\t\t\t\t<\/div>\n\t\t\t\t<div class=\"elementor-element elementor-element-c8eebdc elementor-widget elementor-widget-text-editor\" data-id=\"c8eebdc\" data-element_type=\"widget\" data-widget_type=\"text-editor.default\">\n\t\t\t\t<div class=\"elementor-widget-container\">\n\t\t\t\t\t\t\t<p>Suivez la famille ADE exp\u00e9rience dans leur aventure et leurs p\u00e9rip\u00e9ties&#8230;<\/p>\t\t\t\t\t\t<\/div>\n\t\t\t\t<\/div>\n\t\t\t\t<div class=\"elementor-element elementor-element-16e9ee5 elementor-posts--align-left elementor-grid-3 elementor-grid-tablet-2 elementor-grid-mobile-1 elementor-posts--thumbnail-top elementor-widget elementor-widget-posts\" data-id=\"16e9ee5\" data-element_type=\"widget\" data-settings=\"{&quot;classic_columns&quot;:&quot;3&quot;,&quot;classic_columns_tablet&quot;:&quot;2&quot;,&quot;classic_columns_mobile&quot;:&quot;1&quot;,&quot;classic_row_gap&quot;:{&quot;unit&quot;:&quot;px&quot;,&quot;size&quot;:35,&quot;sizes&quot;:[]},&quot;classic_row_gap_tablet&quot;:{&quot;unit&quot;:&quot;px&quot;,&quot;size&quot;:&quot;&quot;,&quot;sizes&quot;:[]},&quot;classic_row_gap_mobile&quot;:{&quot;unit&quot;:&quot;px&quot;,&quot;size&quot;:&quot;&quot;,&quot;sizes&quot;:[]}}\" data-widget_type=\"posts.classic\">\n\t\t\t\t<div class=\"elementor-widget-container\">\n\t\t\t<link rel=\"stylesheet\" href=\"https:\/\/leschaletsstcome.com\/wp-content\/plugins\/elementor-pro\/assets\/css\/widget-posts.min.css\">\t\t<div class=\"elementor-posts-container elementor-posts elementor-posts--skin-classic elementor-grid\">\n\t\t\t\t<article class=\"elementor-post elementor-grid-item post-1112 post type-post status-publish format-standard has-post-thumbnail hentry category-non-classifiee\">\n\t\t\t\t<a class=\"elementor-post__thumbnail__link\" href=\"https:\/\/leschaletsstcome.com\/fr\/episode-3\/\" tabindex=\"-1\" >\n\t\t\t<div class=\"elementor-post__thumbnail\"><img fetchpriority=\"high\" decoding=\"async\" width=\"1024\" height=\"690\" src=\"https:\/\/leschaletsstcome.com\/wp-content\/uploads\/2021\/12\/drift10.jpg\" class=\"attachment-1536x1536 size-1536x1536 wp-image-655\" alt=\"\" srcset=\"https:\/\/leschaletsstcome.com\/wp-content\/uploads\/2021\/12\/drift10.jpg 1024w, https:\/\/leschaletsstcome.com\/wp-content\/uploads\/2021\/12\/drift10-300x202.jpg 300w, https:\/\/leschaletsstcome.com\/wp-content\/uploads\/2021\/12\/drift10-768x518.jpg 768w, https:\/\/leschaletsstcome.com\/wp-content\/uploads\/2021\/12\/drift10-600x404.jpg 600w\" sizes=\"(max-width: 1024px) 100vw, 1024px\" \/><\/div>\n\t\t<\/a>\n\t\t\t\t<div class=\"elementor-post__text\">\n\t\t\t\t<h3 class=\"elementor-post__title\">\n\t\t\t<a href=\"https:\/\/leschaletsstcome.com\/fr\/episode-3\/\" >\n\t\t\t\t\u00c9pisode 3\t\t\t<\/a>\n\t\t<\/h3>\n\t\t\t\t<div class=\"elementor-post__excerpt\">\n\t\t\t<p>Lorem Ipsum\u00a0is simply dummy text of the printing and typesetting industry. Lorem Ipsum has been<\/p>\n\t\t<\/div>\n\t\t\t\t<\/div>\n\t\t\t\t<\/article>\n\t\t\t\t<article class=\"elementor-post elementor-grid-item post-1109 post type-post status-publish format-standard has-post-thumbnail hentry category-non-classifiee\">\n\t\t\t\t<a class=\"elementor-post__thumbnail__link\" href=\"https:\/\/leschaletsstcome.com\/fr\/episode-2\/\" tabindex=\"-1\" >\n\t\t\t<div class=\"elementor-post__thumbnail\"><img decoding=\"async\" width=\"1536\" height=\"863\" src=\"https:\/\/leschaletsstcome.com\/wp-content\/uploads\/2021\/12\/nabit-photos-pEx10yBaiJM-unsplash-1536x863.jpg\" class=\"attachment-1536x1536 size-1536x1536 wp-image-813\" alt=\"\" srcset=\"https:\/\/leschaletsstcome.com\/wp-content\/uploads\/2021\/12\/nabit-photos-pEx10yBaiJM-unsplash-1536x863.jpg 1536w, https:\/\/leschaletsstcome.com\/wp-content\/uploads\/2021\/12\/nabit-photos-pEx10yBaiJM-unsplash-300x169.jpg 300w, https:\/\/leschaletsstcome.com\/wp-content\/uploads\/2021\/12\/nabit-photos-pEx10yBaiJM-unsplash-1024x575.jpg 1024w, https:\/\/leschaletsstcome.com\/wp-content\/uploads\/2021\/12\/nabit-photos-pEx10yBaiJM-unsplash-768x432.jpg 768w, https:\/\/leschaletsstcome.com\/wp-content\/uploads\/2021\/12\/nabit-photos-pEx10yBaiJM-unsplash-2048x1151.jpg 2048w, https:\/\/leschaletsstcome.com\/wp-content\/uploads\/2021\/12\/nabit-photos-pEx10yBaiJM-unsplash-600x337.jpg 600w\" sizes=\"(max-width: 1536px) 100vw, 1536px\" \/><\/div>\n\t\t<\/a>\n\t\t\t\t<div class=\"elementor-post__text\">\n\t\t\t\t<h3 class=\"elementor-post__title\">\n\t\t\t<a href=\"https:\/\/leschaletsstcome.com\/fr\/episode-2\/\" >\n\t\t\t\tEpisode 2\t\t\t<\/a>\n\t\t<\/h3>\n\t\t\t\t<div class=\"elementor-post__excerpt\">\n\t\t\t<p>Lorem Ipsum\u00a0is simply dummy text of the printing and typesetting industry. Lorem Ipsum has been<\/p>\n\t\t<\/div>\n\t\t\t\t<\/div>\n\t\t\t\t<\/article>\n\t\t\t\t<article class=\"elementor-post elementor-grid-item post-1 post type-post status-publish format-standard has-post-thumbnail hentry category-non-classifiee\">\n\t\t\t\t<a class=\"elementor-post__thumbnail__link\" href=\"https:\/\/leschaletsstcome.com\/fr\/episode-1\/\" tabindex=\"-1\" >\n\t\t\t<div class=\"elementor-post__thumbnail\"><img decoding=\"async\" width=\"1024\" height=\"1536\" src=\"https:\/\/leschaletsstcome.com\/wp-content\/uploads\/2021\/12\/david-kovalenko-9-qFzV9a2Zc-unsplash-1024x1536.jpg\" class=\"attachment-1536x1536 size-1536x1536 wp-image-170\" alt=\"\" srcset=\"https:\/\/leschaletsstcome.com\/wp-content\/uploads\/2021\/12\/david-kovalenko-9-qFzV9a2Zc-unsplash-1024x1536.jpg 1024w, https:\/\/leschaletsstcome.com\/wp-content\/uploads\/2021\/12\/david-kovalenko-9-qFzV9a2Zc-unsplash-200x300.jpg 200w, https:\/\/leschaletsstcome.com\/wp-content\/uploads\/2021\/12\/david-kovalenko-9-qFzV9a2Zc-unsplash-683x1024.jpg 683w, https:\/\/leschaletsstcome.com\/wp-content\/uploads\/2021\/12\/david-kovalenko-9-qFzV9a2Zc-unsplash-768x1152.jpg 768w, https:\/\/leschaletsstcome.com\/wp-content\/uploads\/2021\/12\/david-kovalenko-9-qFzV9a2Zc-unsplash-1365x2048.jpg 1365w, https:\/\/leschaletsstcome.com\/wp-content\/uploads\/2021\/12\/david-kovalenko-9-qFzV9a2Zc-unsplash-600x900.jpg 600w, https:\/\/leschaletsstcome.com\/wp-content\/uploads\/2021\/12\/david-kovalenko-9-qFzV9a2Zc-unsplash-scaled.jpg 1707w\" sizes=\"(max-width: 1024px) 100vw, 1024px\" \/><\/div>\n\t\t<\/a>\n\t\t\t\t<div class=\"elementor-post__text\">\n\t\t\t\t<h3 class=\"elementor-post__title\">\n\t\t\t<a href=\"https:\/\/leschaletsstcome.com\/fr\/episode-1\/\" >\n\t\t\t\tEpisode 1\t\t\t<\/a>\n\t\t<\/h3>\n\t\t\t\t<div class=\"elementor-post__excerpt\">\n\t\t\t<p>Welcome to WordPress. This is your first post. Edit or delete it, then start writing!<\/p>\n\t\t<\/div>\n\t\t\t\t<\/div>\n\t\t\t\t<\/article>\n\t\t\t\t<\/div>\n\t\t\n\t\t\t\t<\/div>\n\t\t\t\t<\/div>\n\t\t\t\t\t<\/div>\n\t\t<\/div>\n\t\t\t\t\t\t\t<\/div>\n\t\t<\/section>\n\t\t\t\t\t\t\t<\/div>\n\t\t","protected":false},"excerpt":{"rendered":"<p>Visionnez La webs\u00e9rie Suivez la famille ADE exp\u00e9rience dans leur aventure et leurs p\u00e9rip\u00e9ties&#8230; Visionnez les \u00e9pisodes de notre webs\u00e9rie Suivez la famille ADE exp\u00e9rience dans leur aventure et leurs p\u00e9rip\u00e9ties&#8230;<\/p>\n","protected":false},"author":1,"featured_media":0,"parent":0,"menu_order":0,"comment_status":"closed","ping_status":"closed","template":"elementor_header_footer","meta":{"footnotes":""},"class_list":["post-20","page","type-page","status-publish","hentry"],"acf":[],"_links":{"self":[{"href":"https:\/\/leschaletsstcome.com\/fr\/wp-json\/wp\/v2\/pages\/20","targetHints":{"allow":["GET"]}}],"collection":[{"href":"https:\/\/leschaletsstcome.com\/fr\/wp-json\/wp\/v2\/pages"}],"about":[{"href":"https:\/\/leschaletsstcome.com\/fr\/wp-json\/wp\/v2\/types\/page"}],"author":[{"embeddable":true,"href":"https:\/\/leschaletsstcome.com\/fr\/wp-json\/wp\/v2\/users\/1"}],"replies":[{"embeddable":true,"href":"https:\/\/leschaletsstcome.com\/fr\/wp-json\/wp\/v2\/comments?post=20"}],"version-history":[{"count":0,"href":"https:\/\/leschaletsstcome.com\/fr\/wp-json\/wp\/v2\/pages\/20\/revisions"}],"wp:attachment":[{"href":"https:\/\/leschaletsstcome.com\/fr\/wp-json\/wp\/v2\/media?parent=20"}],"curies":[{"name":"wp","href":"https:\/\/api.w.org\/{rel}","templated":true}]}}